{"id":16128,"date":"2025-05-12T06:00:40","date_gmt":"2025-05-12T06:00:40","guid":{"rendered":"https:\/\/www.fabrezgroup.com\/home\/?page_id=16128"},"modified":"2026-03-23T11:16:23","modified_gmt":"2026-03-23T11:16:23","slug":"comercial","status":"publish","type":"page","link":"https:\/\/www.fabrezgroup.com\/home\/comercial\/","title":{"rendered":"ACCESO-COMERCIAL"},"content":{"rendered":"\t\t<div data-elementor-type=\"wp-page\" data-elementor-id=\"16128\" class=\"elementor elementor-16128\" data-elementor-post-type=\"page\">\n\t\t\t\t\t\t<section class=\"elementor-section elementor-top-section elementor-element elementor-element-2a0d7e3 elementor-section-full_width elementor-section-height-min-height elementor-section-items-top elementor-section-stretched elementor-section-height-default\" data-id=\"2a0d7e3\" data-element_type=\"section\" data-e-type=\"section\" data-settings=\"{&quot;stretch_section&quot;:&quot;section-stretched&quot;,&quot;shape_divider_bottom&quot;:&quot;curve&quot;,&quot;shape_divider_bottom_negative&quot;:&quot;yes&quot;}\">\n\t\t\t\t\t\t\t<div class=\"elementor-background-overlay\"><\/div>\n\t\t\t\t\t\t<div class=\"elementor-shape elementor-shape-bottom\" aria-hidden=\"true\" data-negative=\"true\">\n\t\t\t<svg xmlns=\"http:\/\/www.w3.org\/2000\/svg\" viewBox=\"0 0 1000 100\" preserveAspectRatio=\"none\">\n\t<path class=\"elementor-shape-fill\" d=\"M500,97C126.7,96.3,0.8,19.8,0,0v100l1000,0V1C1000,19.4,873.3,97.8,500,97z\"\/>\n<\/svg>\t\t<\/div>\n\t\t\t\t\t<div class=\"elementor-container elementor-column-gap-no\">\n\t\t\t\t\t<div class=\"elementor-column elementor-col-100 elementor-top-column elementor-element elementor-element-b2a7d32\" data-id=\"b2a7d32\" data-element_type=\"column\" data-e-type=\"column\">\n\t\t\t<div class=\"elementor-widget-wrap elementor-element-populated\">\n\t\t\t\t\t\t<div class=\"elementor-element elementor-element-2a01b96 elementor-widget elementor-widget-heading\" data-id=\"2a01b96\" data-element_type=\"widget\" data-e-type=\"widget\" data-widget_type=\"heading.default\">\n\t\t\t\t<div class=\"elementor-widget-container\">\n\t\t\t\t\t<h3 class=\"elementor-heading-title elementor-size-default\">\u00c1rea comercial<\/h3>\t\t\t\t<\/div>\n\t\t\t\t<\/div>\n\t\t\t\t<div class=\"elementor-element elementor-element-7b1df1c elementor-widget elementor-widget-heading\" data-id=\"7b1df1c\" data-element_type=\"widget\" data-e-type=\"widget\" data-widget_type=\"heading.default\">\n\t\t\t\t<div class=\"elementor-widget-container\">\n\t\t\t\t\t<h2 class=\"elementor-heading-title elementor-size-default\">Contenido restringido exclusivamente a usuarios registrados.<\/h2>\t\t\t\t<\/div>\n\t\t\t\t<\/div>\n\t\t\t\t<div class=\"elementor-element elementor-element-e416dd6 elementor-widget elementor-widget-spacer\" data-id=\"e416dd6\" data-element_type=\"widget\" data-e-type=\"widget\" data-widget_type=\"spacer.default\">\n\t\t\t\t<div class=\"elementor-widget-container\">\n\t\t\t\t\t\t\t<div class=\"elementor-spacer\">\n\t\t\t<div class=\"elementor-spacer-inner\"><\/div>\n\t\t<\/div>\n\t\t\t\t\t\t<\/div>\n\t\t\t\t<\/div>\n\t\t\t\t\t<\/div>\n\t\t<\/div>\n\t\t\t\t\t<\/div>\n\t\t<\/section>\n\t\t<div class=\"elementor-element elementor-element-7823a17 e-con-full e-flex e-con e-parent\" data-id=\"7823a17\" data-element_type=\"container\" data-e-type=\"container\">\n\t\t<div class=\"elementor-element elementor-element-d7a75bf e-con-full elementor-hidden-mobile e-flex e-con e-child\" data-id=\"d7a75bf\" data-element_type=\"container\" data-e-type=\"container\">\n\t\t\t\t<\/div>\n\t\t<div class=\"elementor-element elementor-element-eff9f08 e-con-full e-flex e-con e-child\" data-id=\"eff9f08\" data-element_type=\"container\" data-e-type=\"container\" data-settings=\"{&quot;background_background&quot;:&quot;classic&quot;}\">\n\t\t\t\t<div class=\"elementor-element elementor-element-dee14be elementor-widget elementor-widget-image\" data-id=\"dee14be\" data-element_type=\"widget\" data-e-type=\"widget\" data-widget_type=\"image.default\">\n\t\t\t\t<div class=\"elementor-widget-container\">\n\t\t\t\t\t\t\t\t\t\t\t\t\t\t\t<img fetchpriority=\"high\" decoding=\"async\" width=\"500\" height=\"500\" src=\"https:\/\/www.fabrezgroup.com\/home\/wp-content\/uploads\/2025\/05\/Login.svg\" class=\"attachment-large size-large wp-image-16187\" alt=\"\" \/>\t\t\t\t\t\t\t\t\t\t\t\t\t\t\t<\/div>\n\t\t\t\t<\/div>\n\t\t\t\t<div class=\"elementor-element elementor-element-c6fec96 elementor-button-align-center elementor-tablet-button-align-stretch elementor-widget elementor-widget-login\" data-id=\"c6fec96\" data-element_type=\"widget\" data-e-type=\"widget\" data-widget_type=\"login.default\">\n\t\t\t\t<div class=\"elementor-widget-container\">\n\t\t\t\t\t\t\t<form class=\"elementor-login elementor-form\" method=\"post\" action=\"https:\/\/www.fabrezgroup.com\/home\/login\/\" aria-label=\"Fromulario de login\">\n\t\t\t<input type=\"hidden\" name=\"redirect_to\" value=\"https:\/\/www.fabrezgroup.com\/home\/comercial\/\">\n\t\t\t<div class=\"elementor-form-fields-wrapper\">\n\t\t\t\t<div class=\"elementor-field-type-text elementor-field-group elementor-column elementor-col-100 elementor-field-required\">\n\t\t\t\t\t<label for=\"user-c6fec96\" class=\"elementor-field-label elementor-screen-only\">Nombre de usuario o correo electr\u00f3nico<\/label>\n\t\t\t\t\t<input size=\"1\" type=\"text\" name=\"log\" id=\"user-c6fec96\" placeholder=\"Nombre de usuario o correo electr\u00f3nico\" class=\"elementor-field elementor-field-textual elementor-size-md\">\n\t\t\t\t<\/div>\n\t\t\t\t<div class=\"elementor-field-type-text elementor-field-group elementor-column elementor-col-100 elementor-field-required\">\n\t\t\t\t\t<label for=\"password-c6fec96\" class=\"elementor-field-label elementor-screen-only\">Contrase\u00f1a<\/label>\n\t\t\t\t\t<input size=\"1\" type=\"password\" name=\"pwd\" id=\"password-c6fec96\" placeholder=\"Contrase\u00f1a\" class=\"elementor-field elementor-field-textual elementor-size-md\">\n\t\t\t\t<\/div>\n\n\t\t\t\t\t\t\t\t\t<div class=\"elementor-field-type-checkbox elementor-field-group elementor-column elementor-col-100 elementor-remember-me\">\n\t\t\t\t\t\t<label for=\"elementor-login-remember-me\">\n\t\t\t\t\t\t\t<input type=\"checkbox\" id=\"elementor-login-remember-me\" name=\"rememberme\" value=\"forever\">\n\t\t\t\t\t\t\tRecu\u00e9rdame\t\t\t\t\t\t<\/label>\n\t\t\t\t\t<\/div>\n\t\t\t\t\n\t\t\t\t<div class=\"elementor-field-group elementor-column elementor-field-type-submit elementor-col-100\">\n\t\t\t\t\t<button type=\"submit\" class=\"elementor-size-md elementor-animation-grow elementor-button\" name=\"wp-submit\">\n\t\t\t\t\t\t\t\t\t\t\t\t\t\t\t<span class=\"elementor-button-text\">Acceder<\/span>\n\t\t\t\t\t\t\t\t\t\t\t\t<\/button>\n\t\t\t\t<\/div>\n\n\t\t\t\t\t\t\t<\/div>\n\t\t<\/form>\n\t\t\t\t\t\t<\/div>\n\t\t\t\t<\/div>\n\t\t\t\t<div class=\"elementor-element elementor-element-e16d29c elementor-widget elementor-widget-text-editor\" data-id=\"e16d29c\" data-element_type=\"widget\" data-e-type=\"widget\" data-widget_type=\"text-editor.default\">\n\t\t\t\t<div class=\"elementor-widget-container\">\n\t\t\t\t\t\t\t\t\t<p><a href=\"https:\/\/www.fabrezgroup.com\/home\/\">Regresar a la p\u00e1gina de inicio<\/a><\/p>\t\t\t\t\t\t\t\t<\/div>\n\t\t\t\t<\/div>\n\t\t\t\t<\/div>\n\t\t<div class=\"elementor-element elementor-element-d49a7bd e-con-full elementor-hidden-mobile e-flex e-con e-child\" data-id=\"d49a7bd\" data-element_type=\"container\" data-e-type=\"container\">\n\t\t\t\t<\/div>\n\t\t\t\t<\/div>\n\t\t\t\t<\/div>\n\t\t","protected":false},"excerpt":{"rendered":"<p>\u00c1rea comercial Contenido restringido exclusivamente a usuarios registrados. Regresar a la p\u00e1gina de inicio FICHAS T\u00c9CNICAS &#8211; CLEANCITY Contenedores de superficie VEXOR &#8211; Carga Superior VEXOR &#8211; Carga Lateral EVA &#8211; Carga Superior EVA &#8211; Carga Superior (Seta F90) Cubre Contenedores Q-Small Q-Vox Q-Vexo Puntos Limpios &#8211; Multi Residuos MUPI &#8211; Mini Punto Limpio Punto [&hellip;]<\/p>\n","protected":false},"author":1,"featured_media":0,"parent":0,"menu_order":1,"comment_status":"closed","ping_status":"closed","template":"","meta":{"_monsterinsights_skip_tracking":false,"_monsterinsights_sitenote_active":false,"_monsterinsights_sitenote_note":"","_monsterinsights_sitenote_category":0,"site-sidebar-layout":"no-sidebar","site-content-layout":"plain-container","ast-site-content-layout":"normal-width-container","site-content-style":"unboxed","site-sidebar-style":"unboxed","ast-global-header-display":"","ast-banner-title-visibility":"","ast-main-header-display":"","ast-hfb-above-header-display":"","ast-hfb-below-header-display":"","ast-hfb-mobile-header-display":"","site-post-title":"disabled","ast-breadcrumbs-content":"","ast-featured-img":"disabled","footer-sml-layout":"","ast-disable-related-posts":"","theme-transparent-header-meta":"","adv-header-id-meta":"","stick-header-meta":"","header-above-stick-meta":"","header-main-stick-meta":"","header-below-stick-meta":"","astra-migrate-meta-layouts":"set","ast-page-background-enabled":"default","ast-page-background-meta":{"desktop":{"background-color":"var(--ast-global-color-4)","background-image":"","background-repeat":"repeat","background-position":"center center","background-size":"auto","background-attachment":"scroll","background-type":"","background-media":"","overlay-type":"","overlay-color":"","overlay-opacity":"","overlay-gradient":""},"tablet":{"background-color":"","background-image":"","background-repeat":"repeat","background-position":"center center","background-size":"auto","background-attachment":"scroll","background-type":"","background-media":"","overlay-type":"","overlay-color":"","overlay-opacity":"","overlay-gradient":""},"mobile":{"background-color":"","background-image":"","background-repeat":"repeat","background-position":"center center","background-size":"auto","background-attachment":"scroll","background-type":"","background-media":"","overlay-type":"","overlay-color":"","overlay-opacity":"","overlay-gradient":""}},"ast-content-background-meta":{"desktop":{"background-color":"var(--ast-global-color-5)","background-image":"","background-repeat":"repeat","background-position":"center center","background-size":"auto","background-attachment":"scroll","background-type":"","background-media":"","overlay-type":"","overlay-color":"","overlay-opacity":"","overlay-gradient":""},"tablet":{"background-color":"var(--ast-global-color-5)","background-image":"","background-repeat":"repeat","background-position":"center center","background-size":"auto","background-attachment":"scroll","background-type":"","background-media":"","overlay-type":"","overlay-color":"","overlay-opacity":"","overlay-gradient":""},"mobile":{"background-color":"var(--ast-global-color-5)","background-image":"","background-repeat":"repeat","background-position":"center center","background-size":"auto","background-attachment":"scroll","background-type":"","background-media":"","overlay-type":"","overlay-color":"","overlay-opacity":"","overlay-gradient":""}},"footnotes":""},"class_list":["post-16128","page","type-page","status-publish","hentry"],"yoast_head":"<!-- This site is optimized with the Yoast SEO Premium plugin v23.4 (Yoast SEO v27.4) - https:\/\/yoast.com\/product\/yoast-seo-premium-wordpress\/ -->\n<title>ACCESO-COMERCIAL - Fabrez Group<\/title>\n<meta name=\"robots\" content=\"noindex, nofollow\" \/>\n<meta property=\"og:locale\" content=\"es_ES\" \/>\n<meta property=\"og:type\" content=\"article\" \/>\n<meta property=\"og:title\" content=\"ACCESO-COMERCIAL\" \/>\n<meta property=\"og:description\" content=\"\u00c1rea comercial Contenido restringido exclusivamente a usuarios registrados. Regresar a la p\u00e1gina de inicio FICHAS T\u00c9CNICAS &#8211; CLEANCITY Contenedores de superficie VEXOR &#8211; Carga Superior VEXOR &#8211; Carga Lateral EVA &#8211; Carga Superior EVA &#8211; Carga Superior (Seta F90) Cubre Contenedores Q-Small Q-Vox Q-Vexo Puntos Limpios &#8211; Multi Residuos MUPI &#8211; Mini Punto Limpio Punto [&hellip;]\" \/>\n<meta property=\"og:url\" content=\"https:\/\/www.fabrezgroup.com\/home\/comercial\/\" \/>\n<meta property=\"og:site_name\" content=\"Fabrez Group\" \/>\n<meta property=\"article:publisher\" content=\"https:\/\/www.facebook.com\/fabrez.group\/\" \/>\n<meta property=\"article:modified_time\" content=\"2026-03-23T11:16:23+00:00\" \/>\n<meta property=\"og:image\" content=\"https:\/\/www.fabrezgroup.com\/home\/wp-content\/uploads\/2025\/05\/Login.svg\" \/>\n<meta name=\"twitter:card\" content=\"summary_large_image\" \/>\n<meta name=\"twitter:label1\" content=\"Tiempo de lectura\" \/>\n\t<meta name=\"twitter:data1\" content=\"5 minutos\" \/>\n<script type=\"application\/ld+json\" class=\"yoast-schema-graph\">{\"@context\":\"https:\\\/\\\/schema.org\",\"@graph\":[{\"@type\":\"WebPage\",\"@id\":\"https:\\\/\\\/www.fabrezgroup.com\\\/home\\\/comercial\\\/\",\"url\":\"https:\\\/\\\/www.fabrezgroup.com\\\/home\\\/comercial\\\/\",\"name\":\"ACCESO-COMERCIAL - Fabrez Group\",\"isPartOf\":{\"@id\":\"https:\\\/\\\/www.fabrezgroup.com\\\/home\\\/#website\"},\"primaryImageOfPage\":{\"@id\":\"https:\\\/\\\/www.fabrezgroup.com\\\/home\\\/comercial\\\/#primaryimage\"},\"image\":{\"@id\":\"https:\\\/\\\/www.fabrezgroup.com\\\/home\\\/comercial\\\/#primaryimage\"},\"thumbnailUrl\":\"https:\\\/\\\/www.fabrezgroup.com\\\/home\\\/wp-content\\\/uploads\\\/2025\\\/05\\\/Login.svg\",\"datePublished\":\"2025-05-12T06:00:40+00:00\",\"dateModified\":\"2026-03-23T11:16:23+00:00\",\"breadcrumb\":{\"@id\":\"https:\\\/\\\/www.fabrezgroup.com\\\/home\\\/comercial\\\/#breadcrumb\"},\"inLanguage\":\"es\",\"potentialAction\":[{\"@type\":\"ReadAction\",\"target\":[\"https:\\\/\\\/www.fabrezgroup.com\\\/home\\\/comercial\\\/\"]}]},{\"@type\":\"ImageObject\",\"inLanguage\":\"es\",\"@id\":\"https:\\\/\\\/www.fabrezgroup.com\\\/home\\\/comercial\\\/#primaryimage\",\"url\":\"https:\\\/\\\/www.fabrezgroup.com\\\/home\\\/wp-content\\\/uploads\\\/2025\\\/05\\\/Login.svg\",\"contentUrl\":\"https:\\\/\\\/www.fabrezgroup.com\\\/home\\\/wp-content\\\/uploads\\\/2025\\\/05\\\/Login.svg\",\"width\":500,\"height\":500},{\"@type\":\"BreadcrumbList\",\"@id\":\"https:\\\/\\\/www.fabrezgroup.com\\\/home\\\/comercial\\\/#breadcrumb\",\"itemListElement\":[{\"@type\":\"ListItem\",\"position\":1,\"name\":\"Portada\",\"item\":\"https:\\\/\\\/www.fabrezgroup.com\\\/home\\\/\"},{\"@type\":\"ListItem\",\"position\":2,\"name\":\"ACCESO-COMERCIAL\"}]},{\"@type\":\"WebSite\",\"@id\":\"https:\\\/\\\/www.fabrezgroup.com\\\/home\\\/#website\",\"url\":\"https:\\\/\\\/www.fabrezgroup.com\\\/home\\\/\",\"name\":\"Fabrez Group\",\"description\":\"M\u00e1s de 30 a\u00f1os Aportando Soluciones\",\"publisher\":{\"@id\":\"https:\\\/\\\/www.fabrezgroup.com\\\/home\\\/#organization\"},\"alternateName\":\"Fabrez\",\"potentialAction\":[{\"@type\":\"SearchAction\",\"target\":{\"@type\":\"EntryPoint\",\"urlTemplate\":\"https:\\\/\\\/www.fabrezgroup.com\\\/home\\\/?s={search_term_string}\"},\"query-input\":{\"@type\":\"PropertyValueSpecification\",\"valueRequired\":true,\"valueName\":\"search_term_string\"}}],\"inLanguage\":\"es\"},{\"@type\":\"Organization\",\"@id\":\"https:\\\/\\\/www.fabrezgroup.com\\\/home\\\/#organization\",\"name\":\"Fabrez Group\",\"url\":\"https:\\\/\\\/www.fabrezgroup.com\\\/home\\\/\",\"logo\":{\"@type\":\"ImageObject\",\"inLanguage\":\"es\",\"@id\":\"https:\\\/\\\/www.fabrezgroup.com\\\/home\\\/#\\\/schema\\\/logo\\\/image\\\/\",\"url\":\"https:\\\/\\\/www.fabrezgroup.com\\\/home\\\/wp-content\\\/uploads\\\/2023\\\/12\\\/cropped-Icon-Fabrez-Group.png\",\"contentUrl\":\"https:\\\/\\\/www.fabrezgroup.com\\\/home\\\/wp-content\\\/uploads\\\/2023\\\/12\\\/cropped-Icon-Fabrez-Group.png\",\"width\":512,\"height\":512,\"caption\":\"Fabrez Group\"},\"image\":{\"@id\":\"https:\\\/\\\/www.fabrezgroup.com\\\/home\\\/#\\\/schema\\\/logo\\\/image\\\/\"},\"sameAs\":[\"https:\\\/\\\/www.facebook.com\\\/fabrez.group\\\/\",\"https:\\\/\\\/www.linkedin.com\\\/company\\\/fabrez-group\\\/\",\"https:\\\/\\\/www.instagram.com\\\/fabrez_group\\\/\",\"https:\\\/\\\/www.youtube.com\\\/@fabrezgroup\"]}]}<\/script>\n<!-- \/ Yoast SEO Premium plugin. -->","yoast_head_json":{"title":"ACCESO-COMERCIAL - Fabrez Group","robots":{"index":"noindex","follow":"nofollow"},"og_locale":"es_ES","og_type":"article","og_title":"ACCESO-COMERCIAL","og_description":"\u00c1rea comercial Contenido restringido exclusivamente a usuarios registrados. Regresar a la p\u00e1gina de inicio FICHAS T\u00c9CNICAS &#8211; CLEANCITY Contenedores de superficie VEXOR &#8211; Carga Superior VEXOR &#8211; Carga Lateral EVA &#8211; Carga Superior EVA &#8211; Carga Superior (Seta F90) Cubre Contenedores Q-Small Q-Vox Q-Vexo Puntos Limpios &#8211; Multi Residuos MUPI &#8211; Mini Punto Limpio Punto [&hellip;]","og_url":"https:\/\/www.fabrezgroup.com\/home\/comercial\/","og_site_name":"Fabrez Group","article_publisher":"https:\/\/www.facebook.com\/fabrez.group\/","article_modified_time":"2026-03-23T11:16:23+00:00","og_image":[{"url":"https:\/\/www.fabrezgroup.com\/home\/wp-content\/uploads\/2025\/05\/Login.svg","type":"","width":"","height":""}],"twitter_card":"summary_large_image","twitter_misc":{"Tiempo de lectura":"5 minutos"},"schema":{"@context":"https:\/\/schema.org","@graph":[{"@type":"WebPage","@id":"https:\/\/www.fabrezgroup.com\/home\/comercial\/","url":"https:\/\/www.fabrezgroup.com\/home\/comercial\/","name":"ACCESO-COMERCIAL - Fabrez Group","isPartOf":{"@id":"https:\/\/www.fabrezgroup.com\/home\/#website"},"primaryImageOfPage":{"@id":"https:\/\/www.fabrezgroup.com\/home\/comercial\/#primaryimage"},"image":{"@id":"https:\/\/www.fabrezgroup.com\/home\/comercial\/#primaryimage"},"thumbnailUrl":"https:\/\/www.fabrezgroup.com\/home\/wp-content\/uploads\/2025\/05\/Login.svg","datePublished":"2025-05-12T06:00:40+00:00","dateModified":"2026-03-23T11:16:23+00:00","breadcrumb":{"@id":"https:\/\/www.fabrezgroup.com\/home\/comercial\/#breadcrumb"},"inLanguage":"es","potentialAction":[{"@type":"ReadAction","target":["https:\/\/www.fabrezgroup.com\/home\/comercial\/"]}]},{"@type":"ImageObject","inLanguage":"es","@id":"https:\/\/www.fabrezgroup.com\/home\/comercial\/#primaryimage","url":"https:\/\/www.fabrezgroup.com\/home\/wp-content\/uploads\/2025\/05\/Login.svg","contentUrl":"https:\/\/www.fabrezgroup.com\/home\/wp-content\/uploads\/2025\/05\/Login.svg","width":500,"height":500},{"@type":"BreadcrumbList","@id":"https:\/\/www.fabrezgroup.com\/home\/comercial\/#breadcrumb","itemListElement":[{"@type":"ListItem","position":1,"name":"Portada","item":"https:\/\/www.fabrezgroup.com\/home\/"},{"@type":"ListItem","position":2,"name":"ACCESO-COMERCIAL"}]},{"@type":"WebSite","@id":"https:\/\/www.fabrezgroup.com\/home\/#website","url":"https:\/\/www.fabrezgroup.com\/home\/","name":"Fabrez Group","description":"M\u00e1s de 30 a\u00f1os Aportando Soluciones","publisher":{"@id":"https:\/\/www.fabrezgroup.com\/home\/#organization"},"alternateName":"Fabrez","potentialAction":[{"@type":"SearchAction","target":{"@type":"EntryPoint","urlTemplate":"https:\/\/www.fabrezgroup.com\/home\/?s={search_term_string}"},"query-input":{"@type":"PropertyValueSpecification","valueRequired":true,"valueName":"search_term_string"}}],"inLanguage":"es"},{"@type":"Organization","@id":"https:\/\/www.fabrezgroup.com\/home\/#organization","name":"Fabrez Group","url":"https:\/\/www.fabrezgroup.com\/home\/","logo":{"@type":"ImageObject","inLanguage":"es","@id":"https:\/\/www.fabrezgroup.com\/home\/#\/schema\/logo\/image\/","url":"https:\/\/www.fabrezgroup.com\/home\/wp-content\/uploads\/2023\/12\/cropped-Icon-Fabrez-Group.png","contentUrl":"https:\/\/www.fabrezgroup.com\/home\/wp-content\/uploads\/2023\/12\/cropped-Icon-Fabrez-Group.png","width":512,"height":512,"caption":"Fabrez Group"},"image":{"@id":"https:\/\/www.fabrezgroup.com\/home\/#\/schema\/logo\/image\/"},"sameAs":["https:\/\/www.facebook.com\/fabrez.group\/","https:\/\/www.linkedin.com\/company\/fabrez-group\/","https:\/\/www.instagram.com\/fabrez_group\/","https:\/\/www.youtube.com\/@fabrezgroup"]}]}},"jetpack_sharing_enabled":true,"_links":{"self":[{"href":"https:\/\/www.fabrezgroup.com\/home\/wp-json\/wp\/v2\/pages\/16128","targetHints":{"allow":["GET"]}}],"collection":[{"href":"https:\/\/www.fabrezgroup.com\/home\/wp-json\/wp\/v2\/pages"}],"about":[{"href":"https:\/\/www.fabrezgroup.com\/home\/wp-json\/wp\/v2\/types\/page"}],"author":[{"embeddable":true,"href":"https:\/\/www.fabrezgroup.com\/home\/wp-json\/wp\/v2\/users\/1"}],"replies":[{"embeddable":true,"href":"https:\/\/www.fabrezgroup.com\/home\/wp-json\/wp\/v2\/comments?post=16128"}],"version-history":[{"count":660,"href":"https:\/\/www.fabrezgroup.com\/home\/wp-json\/wp\/v2\/pages\/16128\/revisions"}],"predecessor-version":[{"id":17471,"href":"https:\/\/www.fabrezgroup.com\/home\/wp-json\/wp\/v2\/pages\/16128\/revisions\/17471"}],"wp:attachment":[{"href":"https:\/\/www.fabrezgroup.com\/home\/wp-json\/wp\/v2\/media?parent=16128"}],"curies":[{"name":"wp","href":"https:\/\/api.w.org\/{rel}","templated":true}]}}